{"id":27,"date":"2026-03-01T05:34:31","date_gmt":"2026-03-01T05:34:31","guid":{"rendered":"https:\/\/www.dhid-lehr.fi\/gallery\/"},"modified":"2026-03-03T05:29:58","modified_gmt":"2026-03-03T05:29:58","slug":"gallery","status":"publish","type":"page","link":"https:\/\/www.dhid-lehr.fi\/fi\/gallery\/","title":{"rendered":"Galleria"},"content":{"rendered":"<div class=\"wp-block-group alignfull is-style-ext-preset--group--natural-1--section has-background-background-color has-background has-global-padding is-layout-constrained wp-container-core-group-is-layout-f72f1611 wp-block-group-is-layout-constrained\" id=\"gallery\" style=\"margin-top:0;margin-bottom:0;padding-top:var(--wp--preset--spacing--70);padding-bottom:var(--wp--preset--spacing--70)\">\n<div class=\"wp-block-group alignwide ext-is-logical-start has-global-padding is-content-justification-left is-layout-constrained wp-container-core-group-is-layout-6729bdbe wp-block-group-is-layout-constrained\">\n<h2 class=\"wp-block-heading ext-animate--on\">Suomalaisen veneenrakennuksen taito: Quality, Sustainability, and Innovation<\/h2>\n\n\n\n<p class=\"has-text-align-left ext-animate--on\">Tutustu galleriaamme, jossa on upeita valokuvia, jotka vangitsevat jokaisen k\u00e4sintehdyn veneen hengen ja yksityiskohdat. \u00d6ljy on olennainen osa prosessia.<\/p>\n<\/div>\n\n\n\n<div class=\"wp-block-columns alignwide is-layout-flex wp-container-core-columns-is-layout-87beb0d0 wp-block-columns-is-layout-flex\">\n<div class=\"wp-block-column is-vertically-aligned-stretch ext-animate--on is-layout-flow wp-container-core-column-is-layout-f5bb311e wp-block-column-is-layout-flow\" style=\"flex-basis:50%\">\n<div class=\"wp-block-cover is-style-ext-preset--image--natural-1--image-1--content-top is-style-ext-preset--image--natural-1--image-1--content-top--2\" style=\"padding-top:0;padding-bottom:0;min-height:100%;aspect-ratio:unset;\"><img loading=\"lazy\" decoding=\"async\" width=\"1024\" height=\"1024\" class=\"wp-block-cover__image-background wp-image-62 size-full\" alt=\"\" src=\"https:\/\/www.dhid-lehr.fi\/wp-content\/uploads\/2026\/03\/Gemini_Generated_Image_9sfjd69sfjd69sfj.jpg\" data-object-fit=\"cover\" srcset=\"https:\/\/www.dhid-lehr.fi\/wp-content\/uploads\/2026\/03\/Gemini_Generated_Image_9sfjd69sfjd69sfj.jpg 1024w, https:\/\/www.dhid-lehr.fi\/wp-content\/uploads\/2026\/03\/Gemini_Generated_Image_9sfjd69sfjd69sfj-300x300.jpg 300w, https:\/\/www.dhid-lehr.fi\/wp-content\/uploads\/2026\/03\/Gemini_Generated_Image_9sfjd69sfjd69sfj-150x150.jpg 150w, https:\/\/www.dhid-lehr.fi\/wp-content\/uploads\/2026\/03\/Gemini_Generated_Image_9sfjd69sfjd69sfj-768x768.jpg 768w, https:\/\/www.dhid-lehr.fi\/wp-content\/uploads\/2026\/03\/Gemini_Generated_Image_9sfjd69sfjd69sfj-12x12.jpg 12w\" sizes=\"auto, (max-width: 1024px) 100vw, 1024px\" \/><span aria-hidden=\"true\" class=\"wp-block-cover__background has-background-dim-0 has-background-dim\" style=\"background-color:#7b6a59\"><\/span><div class=\"wp-block-cover__inner-container is-layout-flow wp-block-cover-is-layout-flow\">\n<div style=\"height:240px\" aria-hidden=\"true\" class=\"wp-block-spacer\"><\/div>\n<\/div><\/div>\n<\/div>\n\n\n\n<div class=\"wp-block-column is-vertically-aligned-top ext-animate--on is-layout-flow wp-container-core-column-is-layout-f5bb311e wp-block-column-is-layout-flow\">\n<figure class=\"wp-block-image size-full is-style-ext-preset--image--natural-1--image-1--content-top is-style-ext-preset--image--natural-1--image-1--content-top--3\"><img loading=\"lazy\" decoding=\"async\" width=\"1024\" height=\"1024\" src=\"https:\/\/www.dhid-lehr.fi\/wp-content\/uploads\/2026\/03\/Gemini_Generated_Image_xtqk3gxtqk3gxtqk.jpg\" alt=\"\" class=\"wp-image-63\" style=\"aspect-ratio:1;object-fit:cover\" srcset=\"https:\/\/www.dhid-lehr.fi\/wp-content\/uploads\/2026\/03\/Gemini_Generated_Image_xtqk3gxtqk3gxtqk.jpg 1024w, https:\/\/www.dhid-lehr.fi\/wp-content\/uploads\/2026\/03\/Gemini_Generated_Image_xtqk3gxtqk3gxtqk-300x300.jpg 300w, https:\/\/www.dhid-lehr.fi\/wp-content\/uploads\/2026\/03\/Gemini_Generated_Image_xtqk3gxtqk3gxtqk-150x150.jpg 150w, https:\/\/www.dhid-lehr.fi\/wp-content\/uploads\/2026\/03\/Gemini_Generated_Image_xtqk3gxtqk3gxtqk-768x768.jpg 768w, https:\/\/www.dhid-lehr.fi\/wp-content\/uploads\/2026\/03\/Gemini_Generated_Image_xtqk3gxtqk3gxtqk-12x12.jpg 12w\" sizes=\"auto, (max-width: 1024px) 100vw, 1024px\" \/><\/figure>\n\n\n\n<figure class=\"wp-block-image size-full is-style-ext-preset--image--natural-1--image-1--content-top is-style-ext-preset--image--natural-1--image-1--content-top--4\"><img loading=\"lazy\" decoding=\"async\" width=\"1024\" height=\"1024\" src=\"https:\/\/www.dhid-lehr.fi\/wp-content\/uploads\/2026\/03\/Gemini_Generated_Image_z7akukz7akukz7ak.jpg\" alt=\"\" class=\"wp-image-65\" style=\"aspect-ratio:1;object-fit:cover\" srcset=\"https:\/\/www.dhid-lehr.fi\/wp-content\/uploads\/2026\/03\/Gemini_Generated_Image_z7akukz7akukz7ak.jpg 1024w, https:\/\/www.dhid-lehr.fi\/wp-content\/uploads\/2026\/03\/Gemini_Generated_Image_z7akukz7akukz7ak-300x300.jpg 300w, https:\/\/www.dhid-lehr.fi\/wp-content\/uploads\/2026\/03\/Gemini_Generated_Image_z7akukz7akukz7ak-150x150.jpg 150w, https:\/\/www.dhid-lehr.fi\/wp-content\/uploads\/2026\/03\/Gemini_Generated_Image_z7akukz7akukz7ak-768x768.jpg 768w, https:\/\/www.dhid-lehr.fi\/wp-content\/uploads\/2026\/03\/Gemini_Generated_Image_z7akukz7akukz7ak-12x12.jpg 12w\" sizes=\"auto, (max-width: 1024px) 100vw, 1024px\" \/><\/figure>\n<\/div>\n\n\n\n<div class=\"wp-block-column is-vertically-aligned-top ext-animate--on is-layout-flow wp-container-core-column-is-layout-f5bb311e wp-block-column-is-layout-flow\">\n<figure class=\"wp-block-image size-full is-style-ext-preset--image--natural-1--image-1--content-top is-style-ext-preset--image--natural-1--image-1--content-top--5\"><img loading=\"lazy\" decoding=\"async\" width=\"1024\" height=\"1024\" src=\"https:\/\/www.dhid-lehr.fi\/wp-content\/uploads\/2026\/03\/Gemini_Generated_Image_ecfts0ecfts0ecft.jpg\" alt=\"\" class=\"wp-image-64\" style=\"aspect-ratio:1;object-fit:cover\" srcset=\"https:\/\/www.dhid-lehr.fi\/wp-content\/uploads\/2026\/03\/Gemini_Generated_Image_ecfts0ecfts0ecft.jpg 1024w, https:\/\/www.dhid-lehr.fi\/wp-content\/uploads\/2026\/03\/Gemini_Generated_Image_ecfts0ecfts0ecft-300x300.jpg 300w, https:\/\/www.dhid-lehr.fi\/wp-content\/uploads\/2026\/03\/Gemini_Generated_Image_ecfts0ecfts0ecft-150x150.jpg 150w, https:\/\/www.dhid-lehr.fi\/wp-content\/uploads\/2026\/03\/Gemini_Generated_Image_ecfts0ecfts0ecft-768x768.jpg 768w, https:\/\/www.dhid-lehr.fi\/wp-content\/uploads\/2026\/03\/Gemini_Generated_Image_ecfts0ecfts0ecft-12x12.jpg 12w\" sizes=\"auto, (max-width: 1024px) 100vw, 1024px\" \/><\/figure>\n\n\n\n<figure class=\"wp-block-image size-full is-style-ext-preset--image--natural-1--image-1--content-top is-style-ext-preset--image--natural-1--image-1--content-top--6\"><img loading=\"lazy\" decoding=\"async\" width=\"1024\" height=\"1024\" src=\"https:\/\/www.dhid-lehr.fi\/wp-content\/uploads\/2026\/03\/Gemini_Generated_Image_5xabe95xabe95xab-1.jpg\" alt=\"\" class=\"wp-image-96\" style=\"aspect-ratio:1;object-fit:cover\" srcset=\"https:\/\/www.dhid-lehr.fi\/wp-content\/uploads\/2026\/03\/Gemini_Generated_Image_5xabe95xabe95xab-1.jpg 1024w, https:\/\/www.dhid-lehr.fi\/wp-content\/uploads\/2026\/03\/Gemini_Generated_Image_5xabe95xabe95xab-1-300x300.jpg 300w, https:\/\/www.dhid-lehr.fi\/wp-content\/uploads\/2026\/03\/Gemini_Generated_Image_5xabe95xabe95xab-1-150x150.jpg 150w, https:\/\/www.dhid-lehr.fi\/wp-content\/uploads\/2026\/03\/Gemini_Generated_Image_5xabe95xabe95xab-1-768x768.jpg 768w, https:\/\/www.dhid-lehr.fi\/wp-content\/uploads\/2026\/03\/Gemini_Generated_Image_5xabe95xabe95xab-1-12x12.jpg 12w\" sizes=\"auto, (max-width: 1024px) 100vw, 1024px\" \/><\/figure>\n<\/div>\n<\/div>\n<\/div>\n\n\n\n<div class=\"wp-block-group alignfull is-style-ext-preset--group--natural-1--section has-background-background-color has-background has-global-padding is-layout-constrained wp-container-core-group-is-layout-e955bbaf wp-block-group-is-layout-constrained\" style=\"margin-top:0;margin-bottom:0;padding-top:var(--wp--preset--spacing--70);padding-bottom:var(--wp--preset--spacing--70)\">\n<div class=\"wp-block-group alignwide ext-is-logical-start has-global-padding is-content-justification-left is-layout-constrained wp-container-core-group-is-layout-6729bdbe wp-block-group-is-layout-constrained\">\n<h2 class=\"wp-block-heading ext-animate--on\">Valmistettu huippuosaaminen, todistettu laatu<\/h2>\n\n\n\n<p class=\"ext-animate--on\">Esittelemme sertifiointeja ja tunnustuksia, jotka takaavat sitoutumisemme ylivoimaiseen ammattitaitoon ja asiakkaiden luottamukseen.<\/p>\n<\/div>\n\n\n\n<div class=\"wp-block-columns alignwide is-layout-flex wp-container-core-columns-is-layout-08c01c1c wp-block-columns-is-layout-flex\">\n<div class=\"wp-block-column is-vertically-aligned-stretch ext-animate--on is-layout-flow wp-container-core-column-is-layout-f5bb311e wp-block-column-is-layout-flow\">\n<div class=\"wp-block-group is-style-ext-preset--group--natural-1--item-card-1--align-start has-global-padding is-layout-constrained wp-block-group-is-layout-constrained is-style-ext-preset--group--natural-1--item-card-1--align-start--8\">\n<div class=\"wp-block-group is-style-default has-global-padding is-layout-constrained wp-block-group-is-layout-constrained\">\n<figure class=\"wp-block-image size-large ext-aspect-landscape wp-duotone-primary-foreground\"><img decoding=\"async\" src=\"data:image\/svg+xml;base64,PHN2ZyB4bWxucz0iaHR0cDovL3d3dy53My5vcmcvMjAwMC9zdmciIHdpZHRoPSI0OCIgaGVpZ2h0PSI0OCIgZmlsbD0iIzAwMDAwMCIgdmlld0JveD0iMCAwIDI1NiAyNTYiPjxwYXRoIGQ9Ik0xNzIsNzZhNDQsNDQsMCwxLDAtNDQsNDRBNDQuMDUsNDQuMDUsMCwwLDAsMTcyLDc2Wm0tNDQsMjhhMjgsMjgsMCwxLDEsMjgtMjhBMjgsMjgsMCwwLDEsMTI4LDEwNFptNjAsMjRhNDQsNDQsMCwxLDAsNDQsNDRBNDQuMDUsNDQuMDUsMCwwLDAsMTg4LDEyOFptMCw3MmEyOCwyOCwwLDEsMSwyOC0yOEEyOCwyOCwwLDAsMSwxODgsMjAwWk02OCwxMjhhNDQsNDQsMCwxLDAsNDQsNDRBNDQuMDUsNDQuMDUsMCwwLDAsNjgsMTI4Wm0wLDcyYTI4LDI4LDAsMSwxLDI4LTI4QTI4LDI4LDAsMCwxLDY4LDIwMFoiPjwvcGF0aD48L3N2Zz4=\" alt=\"\" style=\"object-fit:cover\"\/><\/figure>\n\n\n\n<h3 class=\"wp-block-heading\">Sertifioitu suomalainen k\u00e4sity\u00f6taito<\/h3>\n\n\n\n<p>Tunnustettu siit\u00e4, ett\u00e4 se noudattaa tiukkoja suomalaisia merenkulkustandardeja, joilla varmistetaan, ett\u00e4 jokainen alus t\u00e4ytt\u00e4\u00e4 korkeatasoiset laatuvaatimukset.<\/p>\n<\/div>\n<\/div>\n<\/div>\n\n\n\n<div class=\"wp-block-column is-vertically-aligned-stretch ext-animate--on is-layout-flow wp-container-core-column-is-layout-f5bb311e wp-block-column-is-layout-flow\">\n<div class=\"wp-block-group is-style-ext-preset--group--natural-1--item-card-1--align-start has-global-padding is-layout-constrained wp-block-group-is-layout-constrained is-style-ext-preset--group--natural-1--item-card-1--align-start--9\">\n<div class=\"wp-block-group is-style-default has-global-padding is-layout-constrained wp-block-group-is-layout-constrained\">\n<figure class=\"wp-block-image size-large ext-aspect-landscape wp-duotone-primary-foreground\"><img decoding=\"async\" src=\"data:image\/svg+xml;base64,PHN2ZyB4bWxucz0iaHR0cDovL3d3dy53My5vcmcvMjAwMC9zdmciIHdpZHRoPSI0OCIgaGVpZ2h0PSI0OCIgZmlsbD0iIzAwMDAwMCIgdmlld0JveD0iMCAwIDI1NiAyNTYiPjxwYXRoIGQ9Ik04MCw0MGE0MCw0MCwwLDEsMCw0MCw0MEE0MCw0MCwwLDAsMCw4MCw0MFptMCw2NGEyNCwyNCwwLDEsMSwyNC0yNEEyNCwyNCwwLDAsMSw4MCwxMDRabTk2LDE2YTQwLDQwLDAsMSwwLTQwLTQwQTQwLDQwLDAsMCwwLDE3NiwxMjBabTAtNjRhMjQsMjQsMCwxLDEtMjQsMjRBMjQsMjQsMCwwLDEsMTc2LDU2Wk04MCwxMzZhNDAsNDAsMCwxLDAsNDAsNDBBNDAsNDAsMCwwLDAsODAsMTM2Wm0wLDY0YTI0LDI0LDAsMSwxLDI0LTI0QTI0LDI0LDAsMCwxLDgwLDIwMFptOTYtNjRhNDAsNDAsMCwxLDAsNDAsNDBBNDAsNDAsMCwwLDAsMTc2LDEzNlptMCw2NGEyNCwyNCwwLDEsMSwyNC0yNEEyNCwyNCwwLDAsMSwxNzYsMjAwWiI+PC9wYXRoPjwvc3ZnPg==\" alt=\"\" style=\"object-fit:cover\"\/><\/figure>\n\n\n\n<h3 class=\"wp-block-heading\">Kest\u00e4vien materiaalien palkinto<\/h3>\n\n\n\n<p>Palkittu ymp\u00e4rist\u00f6yst\u00e4v\u00e4llisten, kest\u00e4v\u00e4sti hankittujen puulajien k\u00e4yt\u00f6st\u00e4, jotka suojelevat ymp\u00e4rist\u00f6\u00e4 ja parantavat kest\u00e4vyytt\u00e4.<\/p>\n<\/div>\n<\/div>\n<\/div>\n\n\n\n<div class=\"wp-block-column is-vertically-aligned-stretch ext-animate--on is-layout-flow wp-container-core-column-is-layout-f5bb311e wp-block-column-is-layout-flow\">\n<div class=\"wp-block-group is-style-ext-preset--group--natural-1--item-card-1--align-start has-global-padding is-layout-constrained wp-block-group-is-layout-constrained is-style-ext-preset--group--natural-1--item-card-1--align-start--10\">\n<div class=\"wp-block-group is-style-default has-global-padding is-layout-constrained wp-block-group-is-layout-constrained\">\n<figure class=\"wp-block-image size-large ext-aspect-landscape wp-duotone-primary-foreground\"><img decoding=\"async\" src=\"data:image\/svg+xml;base64,PHN2ZyB4bWxucz0iaHR0cDovL3d3dy53My5vcmcvMjAwMC9zdmciIHdpZHRoPSI0OCIgaGVpZ2h0PSI0OCIgZmlsbD0iIzAwMDAwMCIgdmlld0JveD0iMCAwIDI1NiAyNTYiPjxwYXRoIGQ9Ik04MCw0MGE0MCw0MCwwLDEsMCw0MCw0MEE0MCw0MCwwLDAsMCw4MCw0MFptMCw2NGEyNCwyNCwwLDEsMSwyNC0yNEEyNCwyNCwwLDAsMSw4MCwxMDRabTk2LDE2YTQwLDQwLDAsMSwwLTQwLTQwQTQwLDQwLDAsMCwwLDE3NiwxMjBabTAtNjRhMjQsMjQsMCwxLDEtMjQsMjRBMjQsMjQsMCwwLDEsMTc2LDU2Wk04MCwxMzZhNDAsNDAsMCwxLDAsNDAsNDBBNDAsNDAsMCwwLDAsODAsMTM2Wm0wLDY0YTI0LDI0LDAsMSwxLDI0LTI0QTI0LDI0LDAsMCwxLDgwLDIwMFptMTM2LTI0YTgsOCwwLDAsMS04LDhIMTg0djI0YTgsOCwwLDAsMS0xNiwwVjE4NEgxNDRhOCw4LDAsMCwxLDAtMTZoMjRWMTQ0YTgsOCwwLDAsMSwxNiwwdjI0aDI0QTgsOCwwLDAsMSwyMTYsMTc2WiI+PC9wYXRoPjwvc3ZnPg==\" alt=\"\" style=\"object-fit:cover\"\/><\/figure>\n\n\n\n<h3 class=\"wp-block-heading\">Merenkulun innovaatiotunnustus<\/h3>\n\n\n\n<p>Juhlittu siit\u00e4, ett\u00e4 perinteinen k\u00e4sity\u00f6 yhdistyy nykyaikaisiin innovaatioihin poikkeuksellisten veneilykokemusten tarjoamiseksi.<\/p>\n<\/div>\n<\/div>\n<\/div>\n<\/div>\n<\/div>","protected":false},"excerpt":{"rendered":"<p>The Art of Finnish Boatbuilding: Quality, Sustainability, and Innovation Explore our gallery featuring stunning photos that capture the spirit and detail of each handcrafted boat. Oil is essential to the process. Crafted Excellence, Proven Quality Showcasing certifications and accolades that assure our commitment to superior craftsmanship and customer trust. Certified Finnish Craftsmanship Recognized for adhering [&hellip;]<\/p>\n","protected":false},"author":1,"featured_media":0,"parent":0,"menu_order":0,"comment_status":"closed","ping_status":"closed","template":"page-with-title","meta":{"footnotes":""},"class_list":["post-27","page","type-page","status-publish","hentry"],"aioseo_notices":[],"_links":{"self":[{"href":"https:\/\/www.dhid-lehr.fi\/fi\/wp-json\/wp\/v2\/pages\/27","targetHints":{"allow":["GET"]}}],"collection":[{"href":"https:\/\/www.dhid-lehr.fi\/fi\/wp-json\/wp\/v2\/pages"}],"about":[{"href":"https:\/\/www.dhid-lehr.fi\/fi\/wp-json\/wp\/v2\/types\/page"}],"author":[{"embeddable":true,"href":"https:\/\/www.dhid-lehr.fi\/fi\/wp-json\/wp\/v2\/users\/1"}],"replies":[{"embeddable":true,"href":"https:\/\/www.dhid-lehr.fi\/fi\/wp-json\/wp\/v2\/comments?post=27"}],"version-history":[{"count":5,"href":"https:\/\/www.dhid-lehr.fi\/fi\/wp-json\/wp\/v2\/pages\/27\/revisions"}],"predecessor-version":[{"id":98,"href":"https:\/\/www.dhid-lehr.fi\/fi\/wp-json\/wp\/v2\/pages\/27\/revisions\/98"}],"wp:attachment":[{"href":"https:\/\/www.dhid-lehr.fi\/fi\/wp-json\/wp\/v2\/media?parent=27"}],"curies":[{"name":"wp","href":"https:\/\/api.w.org\/{rel}","templated":true}]}}